{"id":5330,"date":"2023-03-11T21:28:42","date_gmt":"2023-03-12T00:28:42","guid":{"rendered":"https:\/\/mangatom.com.br\/?page_id=5330"},"modified":"2025-04-08T17:23:44","modified_gmt":"2025-04-08T20:23:44","slug":"sobre","status":"publish","type":"page","link":"https:\/\/mangatom.com.br\/?page_id=5330","title":{"rendered":"Sobre"},"content":{"rendered":"\n<p>Criado por <strong>Raphael Gama<\/strong> em 2012, ainda como blog, o Mangatom come\u00e7ou como um local exclusivo para reviews e previews de mang\u00e1s. Seu primeiro texto foi um preview de <strong><a href=\"https:\/\/mangatom.com.br\/?p=313\" target=\"_blank\" rel=\"noopener\" title=\"\">Kongou Banchou<\/a><\/strong>, o qual n\u00e3o existe mais e foi substitu\u00eddo em 2013 por um review da obra completa.<\/p>\n\n\n\n<p>Com o tempo tivemos equipe, algumas mudan\u00e7as de foco e colunas extras. No fim abandonamos muito e inclu\u00edmos muito mais. Hoje falamos de quadrinhos no geral, al\u00e9m de anima\u00e7\u00f5es e filmes live action, sempre tentando deixar esses cont\u00e9udos o mais perto poss\u00edvel do lado ocidental, mas sem descartar falar de obras somente por fugir disso. Assim estamos abertos para quase tudo, e tamb\u00e9m dispostos a parcerias quando possivel.<br><br>Antigamente tinhamos uma equipe. Ela foi desfeita, com apenas Raphael se mantendo na transi\u00e7\u00e3o de blog para site.&nbsp;Atualmente o Mangatom \u00e9 um projeto solo, com o .com.br exercendo uma maior confiabilidade. Tivemos tamb\u00e9m um per\u00edodo focado em jogos no meio de tudo isso, mas esses passaram para o canal de Youtube <strong><a title=\"\" href=\"https:\/\/www.youtube.com\/channel\/UC-LWPI9_O2Lj0uWrY-HlVHw\" target=\"_blank\" rel=\"noopener\">Indie-A-tom<\/a><\/strong>, onde falamos de games indie, retro, tops e emuladores. O qual ajudou Raphael a encontrar seu rumo profissional como editor de videos e narrador.<\/p>\n\n\n\n<p><strong>Contato:<\/strong> blogmangatom@gmail.com<\/p>\n","protected":false},"excerpt":{"rendered":"<p>Criado por Raphael Gama em 2012, ainda como blog, o Mangatom come\u00e7ou como um local exclusivo para reviews e previews de mang\u00e1s. Seu primeiro texto&hellip; <\/p>\n","protected":false},"author":1,"featured_media":0,"parent":0,"menu_order":0,"comment_status":"closed","ping_status":"closed","template":"","meta":{"_monsterinsights_skip_tracking":false,"_monsterinsights_sitenote_active":false,"_monsterinsights_sitenote_note":"","_monsterinsights_sitenote_category":0,"footnotes":""},"class_list":["post-5330","page","type-page","status-publish","hentry"],"jetpack-related-posts":[{"id":2,"url":"https:\/\/mangatom.com.br\/?page_id=2","url_meta":{"origin":5330,"position":0},"title":"Sample Page","author":"Mangatom","date":"novembro 25, 2020","format":false,"excerpt":"This is an example page. It's different from a blog post because it will stay in one place and will show up in your site navigation (in most themes). Most people start with an About page that introduces them to potential site visitors. It might say something like this: Hi\u2026","rel":"","context":"Post similar","block_context":{"text":"Post similar","link":""},"img":{"alt_text":"","src":"","width":0,"height":0},"classes":[]},{"id":5926,"url":"https:\/\/mangatom.com.br\/?page_id=5926","url_meta":{"origin":5330,"position":1},"title":"Emuladores e afins","author":"Mangatom","date":"agosto 22, 2023","format":false,"excerpt":"EMULADORES E AFINS No canal Indie-A-tom temos o quadro Calabou\u00e7o das Roms, onde eu falo de emuladores. Esse projeto se tornou um pouco maior do que eu antecipava, com muita pesquisa e detalhes importantes para cada v\u00eddeo. Visto que eu n\u00e3o tenho como salvar tudo de forma pr\u00e1tica num local,\u2026","rel":"","context":"Post similar","block_context":{"text":"Post similar","link":""},"img":{"alt_text":"","src":"https:\/\/i0.wp.com\/mangatom.com.br\/wp-content\/uploads\/2024\/09\/pc98.png?resize=350%2C200&ssl=1","width":350,"height":200,"srcset":"https:\/\/i0.wp.com\/mangatom.com.br\/wp-content\/uploads\/2024\/09\/pc98.png?resize=350%2C200&ssl=1 1x, https:\/\/i0.wp.com\/mangatom.com.br\/wp-content\/uploads\/2024\/09\/pc98.png?resize=525%2C300&ssl=1 1.5x"},"classes":[]},{"id":174,"url":"https:\/\/mangatom.com.br\/?page_id=174","url_meta":{"origin":5330,"position":2},"title":"31 dias de quadrinhos","author":"Mangatom","date":"novembro 26, 2020","format":false,"excerpt":"ATEN\u00c7\u00c3O: Essa \u00e9 uma s\u00e9rie de postagens bem antiga e n\u00e3o refletem mais minhas opini\u00f5es. Ainda podem servir de boas recomenda\u00e7\u00f5es, mas gostos mudam e tem alguns takes que me arrependo. Ainda assim, mantive os textos como publicados originalmente. A um tempo atr\u00e1s esses tipos de desafios de 31 dias\u2026","rel":"","context":"Post similar","block_context":{"text":"Post similar","link":""},"img":{"alt_text":"dia-09","src":"https:\/\/mangatom.files.wordpress.com\/2014\/10\/dia-09.png?w=350&h=200&crop=1","width":350,"height":200,"srcset":"https:\/\/mangatom.files.wordpress.com\/2014\/10\/dia-09.png?w=350&h=200&crop=1 1x, https:\/\/mangatom.files.wordpress.com\/2014\/10\/dia-09.png?w=525&h=300&crop=1 1.5x"},"classes":[]},{"id":19,"url":"https:\/\/mangatom.com.br\/?page_id=19","url_meta":{"origin":5330,"position":3},"title":"Mangas","author":"Mangatom","date":"novembro 26, 2020","format":false,"excerpt":"","rel":"","context":"Post similar","block_context":{"text":"Post similar","link":""},"img":{"alt_text":"","src":"","width":0,"height":0},"classes":[]},{"id":24,"url":"https:\/\/mangatom.com.br\/?page_id=24","url_meta":{"origin":5330,"position":4},"title":"Comics","author":"Mangatom","date":"novembro 26, 2020","format":false,"excerpt":"","rel":"","context":"Post similar","block_context":{"text":"Post similar","link":""},"img":{"alt_text":"","src":"","width":0,"height":0},"classes":[]},{"id":30,"url":"https:\/\/mangatom.com.br\/?page_id=30","url_meta":{"origin":5330,"position":5},"title":"Outros","author":"Mangatom","date":"novembro 26, 2020","format":false,"excerpt":"","rel":"","context":"Post similar","block_context":{"text":"Post similar","link":""},"img":{"alt_text":"","src":"","width":0,"height":0},"classes":[]}],"jetpack_sharing_enabled":true,"_links":{"self":[{"href":"https:\/\/mangatom.com.br\/index.php?rest_route=\/wp\/v2\/pages\/5330","targetHints":{"allow":["GET"]}}],"collection":[{"href":"https:\/\/mangatom.com.br\/index.php?rest_route=\/wp\/v2\/pages"}],"about":[{"href":"https:\/\/mangatom.com.br\/index.php?rest_route=\/wp\/v2\/types\/page"}],"author":[{"embeddable":true,"href":"https:\/\/mangatom.com.br\/index.php?rest_route=\/wp\/v2\/users\/1"}],"replies":[{"embeddable":true,"href":"https:\/\/mangatom.com.br\/index.php?rest_route=%2Fwp%2Fv2%2Fcomments&post=5330"}],"version-history":[{"count":9,"href":"https:\/\/mangatom.com.br\/index.php?rest_route=\/wp\/v2\/pages\/5330\/revisions"}],"predecessor-version":[{"id":7970,"href":"https:\/\/mangatom.com.br\/index.php?rest_route=\/wp\/v2\/pages\/5330\/revisions\/7970"}],"wp:attachment":[{"href":"https:\/\/mangatom.com.br\/index.php?rest_route=%2Fwp%2Fv2%2Fmedia&parent=5330"}],"curies":[{"name":"wp","href":"https:\/\/api.w.org\/{rel}","templated":true}]}}