{"id":34,"date":"2020-11-26T11:55:06","date_gmt":"2020-11-26T11:55:06","guid":{"rendered":"http:\/\/mangatom.com.br\/?page_id=34"},"modified":"2021-04-06T13:55:33","modified_gmt":"2021-04-06T16:55:33","slug":"parceria","status":"publish","type":"page","link":"https:\/\/mangatom.com.br\/?page_id=34","title":{"rendered":"Parceria"},"content":{"rendered":"\n<p>Quer ser parceiro do Mangatom? Ent\u00e3o basta comentar aqui ou enviar um e-mail para\u00a0<a href=\"mailto:blogmangatom@gmail.com\">blogmangatom@gmail.com<\/a>.<\/p>\n\n\n\n<p>Nos damos a liberdade de avaliar seu conte\u00fado primeiramente, e dependendo do que acharmos iremos firmar a parceria. Porem al\u00e9m disso existem algumas regras para voc\u00ea se candidatar a parceiro.<\/p>\n\n\n\n<blockquote class=\"wp-block-quote is-layout-flow wp-block-quote-is-layout-flow\"><p>\u2013 O site \/ canal deve ter mais de 1 ano ativo e n\u00e3o pode estar a mais de 1 ano inativo. Se o site ficar inativo ap\u00f3s firmada a parceria nos damos o direito de remov\u00ea-la sem pr\u00e9vio aviso. Logo se existir algum empecilho o parceiro deve avisar para que n\u00e3o se ocorra imprevistos.<\/p><p>\u2013 O site \/ canal deve ter conte\u00fado que se assemelhe ao nosso. (Mang\u00e1s, quadrinhos, anime, anima\u00e7\u00f5es, jogos, livros, adapta\u00e7\u00f5es, etc.)<\/p><p>\u2013 Fazemos parcerias com editoras \/ desenvolvedores caso haja envio de material para an\u00e1lise.<\/p><p>\u2013 N\u00e3o fazemos parceria com sites de pirataria (downloads e streaming), que propaguem o \u00f3dio, tenham conte\u00fado polemico, viol\u00eancia extrema (real) ou pornografia, incluindo hentai. Sites que tenham posts de obras gore ou algo mais sensual, porem fora dos citados, est\u00e1 excluso dessa regra.<\/p><\/blockquote>\n","protected":false},"excerpt":{"rendered":"<p>Quer ser parceiro do Mangatom? Ent\u00e3o basta comentar aqui ou enviar um e-mail para\u00a0blogmangatom@gmail.com. Nos damos a liberdade de avaliar seu conte\u00fado primeiramente, e dependendo&hellip; <\/p>\n","protected":false},"author":1,"featured_media":0,"parent":0,"menu_order":0,"comment_status":"closed","ping_status":"closed","template":"","meta":{"_monsterinsights_skip_tracking":false,"_monsterinsights_sitenote_active":false,"_monsterinsights_sitenote_note":"","_monsterinsights_sitenote_category":0,"footnotes":""},"class_list":["post-34","page","type-page","status-publish","hentry"],"jetpack-related-posts":[{"id":5330,"url":"https:\/\/mangatom.com.br\/?page_id=5330","url_meta":{"origin":34,"position":0},"title":"Sobre","author":"Mangatom","date":"mar\u00e7o 11, 2023","format":false,"excerpt":"Criado por Raphael Gama em 2012, ainda como blog, o Mangatom come\u00e7ou como um local exclusivo para reviews e previews de mang\u00e1s. Seu primeiro texto foi um preview de Kongou Banchou, o qual n\u00e3o existe mais e foi substitu\u00eddo em 2013 por um review da obra completa. Com o tempo\u2026","rel":"","context":"Post similar","block_context":{"text":"Post similar","link":""},"img":{"alt_text":"","src":"","width":0,"height":0},"classes":[]},{"id":28,"url":"https:\/\/mangatom.com.br\/?page_id=28","url_meta":{"origin":34,"position":1},"title":"Games","author":"Mangatom","date":"novembro 26, 2020","format":false,"excerpt":"Todo conte\u00fado sobre games est\u00e1 agora em nosso canal do YouTube. Confira o Indie-A-tom! CLICK AQUI PARA ACESSAR https:\/\/www.youtube.com\/watch?v=XEeYZi7uRvM","rel":"","context":"Post similar","block_context":{"text":"Post similar","link":""},"img":{"alt_text":"","src":"https:\/\/i0.wp.com\/img.youtube.com\/vi\/XEeYZi7uRvM\/0.jpg?resize=350%2C200","width":350,"height":200},"classes":[]},{"id":2117,"url":"https:\/\/mangatom.com.br\/?page_id=2117","url_meta":{"origin":34,"position":2},"title":"Anima\u00e7\u00f5es","author":"Mangatom","date":"outubro 15, 2021","format":false,"excerpt":"A C G H I M O P S W","rel":"","context":"Post similar","block_context":{"text":"Post similar","link":""},"img":{"alt_text":"","src":"https:\/\/i0.wp.com\/mangatom.com.br\/wp-content\/uploads\/2025\/08\/Waltz-With-Bashir-.png?resize=350%2C200&ssl=1","width":350,"height":200,"srcset":"https:\/\/i0.wp.com\/mangatom.com.br\/wp-content\/uploads\/2025\/08\/Waltz-With-Bashir-.png?resize=350%2C200&ssl=1 1x, https:\/\/i0.wp.com\/mangatom.com.br\/wp-content\/uploads\/2025\/08\/Waltz-With-Bashir-.png?resize=525%2C300&ssl=1 1.5x"},"classes":[]},{"id":2127,"url":"https:\/\/mangatom.com.br\/?page_id=2127","url_meta":{"origin":34,"position":3},"title":"Animes","author":"Mangatom","date":"outubro 15, 2021","format":false,"excerpt":"A B D G H J K N R W","rel":"","context":"Post similar","block_context":{"text":"Post similar","link":""},"img":{"alt_text":"","src":"https:\/\/i0.wp.com\/mangatom.com.br\/wp-content\/uploads\/2023\/03\/jujutsu-ZERO.png?resize=350%2C200&ssl=1","width":350,"height":200,"srcset":"https:\/\/i0.wp.com\/mangatom.com.br\/wp-content\/uploads\/2023\/03\/jujutsu-ZERO.png?resize=350%2C200&ssl=1 1x, https:\/\/i0.wp.com\/mangatom.com.br\/wp-content\/uploads\/2023\/03\/jujutsu-ZERO.png?resize=525%2C300&ssl=1 1.5x"},"classes":[]},{"id":26,"url":"https:\/\/mangatom.com.br\/?page_id=26","url_meta":{"origin":34,"position":4},"title":"On The Screen","author":"Mangatom","date":"novembro 26, 2020","format":false,"excerpt":"O On the Screen \u00e9 a coluna dedicada a tudo que estiver nas telinhas e telonas. Filmes, desenhos, animes, series e assim vai. Espero que encontre aqui sua pr\u00f3xima grande maratona!","rel":"","context":"Post similar","block_context":{"text":"Post similar","link":""},"img":{"alt_text":"","src":"https:\/\/i0.wp.com\/mangatom.com.br\/wp-content\/uploads\/2023\/11\/Captura-de-tela-2023-11-02-194509.png?resize=350%2C200&ssl=1","width":350,"height":200},"classes":[]},{"id":5926,"url":"https:\/\/mangatom.com.br\/?page_id=5926","url_meta":{"origin":34,"position":5},"title":"Emuladores e afins","author":"Mangatom","date":"agosto 22, 2023","format":false,"excerpt":"EMULADORES E AFINS No canal Indie-A-tom temos o quadro Calabou\u00e7o das Roms, onde eu falo de emuladores. Esse projeto se tornou um pouco maior do que eu antecipava, com muita pesquisa e detalhes importantes para cada v\u00eddeo. Visto que eu n\u00e3o tenho como salvar tudo de forma pr\u00e1tica num local,\u2026","rel":"","context":"Post similar","block_context":{"text":"Post similar","link":""},"img":{"alt_text":"","src":"https:\/\/i0.wp.com\/mangatom.com.br\/wp-content\/uploads\/2024\/09\/pc98.png?resize=350%2C200&ssl=1","width":350,"height":200,"srcset":"https:\/\/i0.wp.com\/mangatom.com.br\/wp-content\/uploads\/2024\/09\/pc98.png?resize=350%2C200&ssl=1 1x, https:\/\/i0.wp.com\/mangatom.com.br\/wp-content\/uploads\/2024\/09\/pc98.png?resize=525%2C300&ssl=1 1.5x"},"classes":[]}],"jetpack_sharing_enabled":true,"_links":{"self":[{"href":"https:\/\/mangatom.com.br\/index.php?rest_route=\/wp\/v2\/pages\/34","targetHints":{"allow":["GET"]}}],"collection":[{"href":"https:\/\/mangatom.com.br\/index.php?rest_route=\/wp\/v2\/pages"}],"about":[{"href":"https:\/\/mangatom.com.br\/index.php?rest_route=\/wp\/v2\/types\/page"}],"author":[{"embeddable":true,"href":"https:\/\/mangatom.com.br\/index.php?rest_route=\/wp\/v2\/users\/1"}],"replies":[{"embeddable":true,"href":"https:\/\/mangatom.com.br\/index.php?rest_route=%2Fwp%2Fv2%2Fcomments&post=34"}],"version-history":[{"count":5,"href":"https:\/\/mangatom.com.br\/index.php?rest_route=\/wp\/v2\/pages\/34\/revisions"}],"predecessor-version":[{"id":1459,"href":"https:\/\/mangatom.com.br\/index.php?rest_route=\/wp\/v2\/pages\/34\/revisions\/1459"}],"wp:attachment":[{"href":"https:\/\/mangatom.com.br\/index.php?rest_route=%2Fwp%2Fv2%2Fmedia&parent=34"}],"curies":[{"name":"wp","href":"https:\/\/api.w.org\/{rel}","templated":true}]}}