{"id":2981,"date":"2021-11-19T02:07:13","date_gmt":"2021-11-19T05:07:13","guid":{"rendered":"https:\/\/mangatom.com.br\/?page_id=2981"},"modified":"2023-03-30T15:46:06","modified_gmt":"2023-03-30T18:46:06","slug":"tops","status":"publish","type":"page","link":"https:\/\/mangatom.com.br\/?page_id=2981","title":{"rendered":"TOPS"},"content":{"rendered":"\t\t<div data-elementor-type=\"wp-page\" data-elementor-id=\"2981\" class=\"elementor elementor-2981\">\n\t\t\t\t\t\t<section class=\"elementor-section elementor-top-section elementor-element elementor-element-52503c2 elementor-section-boxed elementor-section-height-default elementor-section-height-default\" data-id=\"52503c2\" data-element_type=\"section\" data-e-type=\"section\">\n\t\t\t\t\t\t<div class=\"elementor-container elementor-column-gap-default\">\n\t\t\t\t\t<div class=\"elementor-column elementor-col-100 elementor-top-column elementor-element elementor-element-2043d15\" data-id=\"2043d15\" data-element_type=\"column\" data-e-type=\"column\">\n\t\t\t<div class=\"elementor-widget-wrap elementor-element-populated\">\n\t\t\t\t\t\t<div class=\"elementor-element elementor-element-5259be6 elementor-widget elementor-widget-heading\" data-id=\"5259be6\" data-element_type=\"widget\" data-e-type=\"widget\" data-widget_type=\"heading.default\">\n\t\t\t\t<div class=\"elementor-widget-container\">\n\t\t\t\t\t<h1 class=\"elementor-heading-title elementor-size-default\">M<\/h1>\t\t\t\t<\/div>\n\t\t\t\t<\/div>\n\t\t\t\t\t<\/div>\n\t\t<\/div>\n\t\t\t\t\t<\/div>\n\t\t<\/section>\n\t\t\t\t<section class=\"elementor-section elementor-top-section elementor-element elementor-element-6492e75 elementor-section-boxed elementor-section-height-default elementor-section-height-default\" data-id=\"6492e75\" data-element_type=\"section\" data-e-type=\"section\">\n\t\t\t\t\t\t<div class=\"elementor-container elementor-column-gap-default\">\n\t\t\t\t\t<div class=\"elementor-column elementor-col-50 elementor-top-column elementor-element elementor-element-9f07492\" data-id=\"9f07492\" data-element_type=\"column\" data-e-type=\"column\">\n\t\t\t<div class=\"elementor-widget-wrap elementor-element-populated\">\n\t\t\t\t\t\t<div class=\"elementor-element elementor-element-71a5102 elementor-widget elementor-widget-image\" data-id=\"71a5102\" data-element_type=\"widget\" data-e-type=\"widget\" data-widget_type=\"image.default\">\n\t\t\t\t<div class=\"elementor-widget-container\">\n\t\t\t\t\t\t\t\t\t\t\t\t\t\t\t\t<a href=\"https:\/\/mangatom.com.br\/?p=310\">\n\t\t\t\t\t\t\t<img fetchpriority=\"high\" decoding=\"async\" width=\"600\" height=\"286\" src=\"https:\/\/i0.wp.com\/mangatom.com.br\/wp-content\/uploads\/2021\/11\/melhores2012.png?fit=600%2C286&amp;ssl=1\" class=\"attachment-large size-large wp-image-3005\" alt=\"\" srcset=\"https:\/\/i0.wp.com\/mangatom.com.br\/wp-content\/uploads\/2021\/11\/melhores2012.png?w=600&amp;ssl=1 600w, https:\/\/i0.wp.com\/mangatom.com.br\/wp-content\/uploads\/2021\/11\/melhores2012.png?resize=300%2C143&amp;ssl=1 300w\" sizes=\"(max-width: 600px) 100vw, 600px\" \/>\t\t\t\t\t\t\t\t<\/a>\n\t\t\t\t\t\t\t\t\t\t\t\t\t\t\t<\/div>\n\t\t\t\t<\/div>\n\t\t\t\t\t<\/div>\n\t\t<\/div>\n\t\t\t\t<div class=\"elementor-column elementor-col-50 elementor-top-column elementor-element elementor-element-fd6e800\" data-id=\"fd6e800\" data-element_type=\"column\" data-e-type=\"column\">\n\t\t\t<div class=\"elementor-widget-wrap elementor-element-populated\">\n\t\t\t\t\t\t<div class=\"elementor-element elementor-element-1240db3 elementor-widget elementor-widget-image\" data-id=\"1240db3\" data-element_type=\"widget\" data-e-type=\"widget\" data-widget_type=\"image.default\">\n\t\t\t\t<div class=\"elementor-widget-container\">\n\t\t\t\t\t\t\t\t\t\t\t\t\t\t\t\t<a href=\"https:\/\/mangatom.com.br\/?p=381\">\n\t\t\t\t\t\t\t<img decoding=\"async\" width=\"600\" height=\"286\" src=\"https:\/\/i0.wp.com\/mangatom.com.br\/wp-content\/uploads\/2021\/11\/melhores2013.png?fit=600%2C286&amp;ssl=1\" class=\"attachment-large size-large wp-image-3006\" alt=\"\" srcset=\"https:\/\/i0.wp.com\/mangatom.com.br\/wp-content\/uploads\/2021\/11\/melhores2013.png?w=600&amp;ssl=1 600w, https:\/\/i0.wp.com\/mangatom.com.br\/wp-content\/uploads\/2021\/11\/melhores2013.png?resize=300%2C143&amp;ssl=1 300w\" sizes=\"(max-width: 600px) 100vw, 600px\" \/>\t\t\t\t\t\t\t\t<\/a>\n\t\t\t\t\t\t\t\t\t\t\t\t\t\t\t<\/div>\n\t\t\t\t<\/div>\n\t\t\t\t\t<\/div>\n\t\t<\/div>\n\t\t\t\t\t<\/div>\n\t\t<\/section>\n\t\t\t\t<section class=\"elementor-section elementor-top-section elementor-element elementor-element-1259577 elementor-section-boxed elementor-section-height-default elementor-section-height-default\" data-id=\"1259577\" data-element_type=\"section\" data-e-type=\"section\">\n\t\t\t\t\t\t<div class=\"elementor-container elementor-column-gap-default\">\n\t\t\t\t\t<div class=\"elementor-column elementor-col-50 elementor-top-column elementor-element elementor-element-6c64c7b\" data-id=\"6c64c7b\" data-element_type=\"column\" data-e-type=\"column\">\n\t\t\t<div class=\"elementor-widget-wrap elementor-element-populated\">\n\t\t\t\t\t\t<div class=\"elementor-element elementor-element-0def7ae elementor-widget elementor-widget-image\" data-id=\"0def7ae\" data-element_type=\"widget\" data-e-type=\"widget\" data-widget_type=\"image.default\">\n\t\t\t\t<div class=\"elementor-widget-container\">\n\t\t\t\t\t\t\t\t\t\t\t\t\t\t\t\t<a href=\"https:\/\/mangatom.com.br\/?p=674\">\n\t\t\t\t\t\t\t<img decoding=\"async\" width=\"600\" height=\"286\" src=\"https:\/\/i0.wp.com\/mangatom.com.br\/wp-content\/uploads\/2021\/11\/melhores2015.png?fit=600%2C286&amp;ssl=1\" class=\"attachment-large size-large wp-image-3007\" alt=\"\" srcset=\"https:\/\/i0.wp.com\/mangatom.com.br\/wp-content\/uploads\/2021\/11\/melhores2015.png?w=600&amp;ssl=1 600w, https:\/\/i0.wp.com\/mangatom.com.br\/wp-content\/uploads\/2021\/11\/melhores2015.png?resize=300%2C143&amp;ssl=1 300w\" sizes=\"(max-width: 600px) 100vw, 600px\" \/>\t\t\t\t\t\t\t\t<\/a>\n\t\t\t\t\t\t\t\t\t\t\t\t\t\t\t<\/div>\n\t\t\t\t<\/div>\n\t\t\t\t\t<\/div>\n\t\t<\/div>\n\t\t\t\t<div class=\"elementor-column elementor-col-50 elementor-top-column elementor-element elementor-element-be2eb7b\" data-id=\"be2eb7b\" data-element_type=\"column\" data-e-type=\"column\">\n\t\t\t<div class=\"elementor-widget-wrap\">\n\t\t\t\t\t\t\t<\/div>\n\t\t<\/div>\n\t\t\t\t\t<\/div>\n\t\t<\/section>\n\t\t\t\t<section class=\"elementor-section elementor-top-section elementor-element elementor-element-710f28c elementor-section-boxed elementor-section-height-default elementor-section-height-default\" data-id=\"710f28c\" data-element_type=\"section\" data-e-type=\"section\">\n\t\t\t\t\t\t<div class=\"elementor-container elementor-column-gap-default\">\n\t\t\t\t\t<div class=\"elementor-column elementor-col-100 elementor-top-column elementor-element elementor-element-07f2adc\" data-id=\"07f2adc\" data-element_type=\"column\" data-e-type=\"column\">\n\t\t\t<div class=\"elementor-widget-wrap elementor-element-populated\">\n\t\t\t\t\t\t<div class=\"elementor-element elementor-element-73db100 elementor-widget elementor-widget-heading\" data-id=\"73db100\" data-element_type=\"widget\" data-e-type=\"widget\" data-widget_type=\"heading.default\">\n\t\t\t\t<div class=\"elementor-widget-container\">\n\t\t\t\t\t<h1 class=\"elementor-heading-title elementor-size-default\">T<\/h1>\t\t\t\t<\/div>\n\t\t\t\t<\/div>\n\t\t\t\t\t<\/div>\n\t\t<\/div>\n\t\t\t\t\t<\/div>\n\t\t<\/section>\n\t\t\t\t<section class=\"elementor-section elementor-top-section elementor-element elementor-element-19b2eeb elementor-section-boxed elementor-section-height-default elementor-section-height-default\" data-id=\"19b2eeb\" data-element_type=\"section\" data-e-type=\"section\">\n\t\t\t\t\t\t<div class=\"elementor-container elementor-column-gap-default\">\n\t\t\t\t\t<div class=\"elementor-column elementor-col-50 elementor-top-column elementor-element elementor-element-29c1ff9\" data-id=\"29c1ff9\" data-element_type=\"column\" data-e-type=\"column\">\n\t\t\t<div class=\"elementor-widget-wrap elementor-element-populated\">\n\t\t\t\t\t\t<div class=\"elementor-element elementor-element-bfb74d0 elementor-widget elementor-widget-image\" data-id=\"bfb74d0\" data-element_type=\"widget\" data-e-type=\"widget\" data-widget_type=\"image.default\">\n\t\t\t\t<div class=\"elementor-widget-container\">\n\t\t\t\t\t\t\t\t\t\t\t\t\t\t\t\t<a href=\"https:\/\/mangatom.com.br\/?p=1108\">\n\t\t\t\t\t\t\t<img loading=\"lazy\" decoding=\"async\" width=\"600\" height=\"286\" src=\"https:\/\/i0.wp.com\/mangatom.com.br\/wp-content\/uploads\/2021\/11\/top50-cartoons.png?fit=600%2C286&amp;ssl=1\" class=\"attachment-large size-large wp-image-3010\" alt=\"\" srcset=\"https:\/\/i0.wp.com\/mangatom.com.br\/wp-content\/uploads\/2021\/11\/top50-cartoons.png?w=600&amp;ssl=1 600w, https:\/\/i0.wp.com\/mangatom.com.br\/wp-content\/uploads\/2021\/11\/top50-cartoons.png?resize=300%2C143&amp;ssl=1 300w\" sizes=\"(max-width: 600px) 100vw, 600px\" \/>\t\t\t\t\t\t\t\t<\/a>\n\t\t\t\t\t\t\t\t\t\t\t\t\t\t\t<\/div>\n\t\t\t\t<\/div>\n\t\t\t\t\t<\/div>\n\t\t<\/div>\n\t\t\t\t<div class=\"elementor-column elementor-col-50 elementor-top-column elementor-element elementor-element-31ade4d\" data-id=\"31ade4d\" data-element_type=\"column\" data-e-type=\"column\">\n\t\t\t<div class=\"elementor-widget-wrap elementor-element-populated\">\n\t\t\t\t\t\t<div class=\"elementor-element elementor-element-755a908 elementor-widget elementor-widget-image\" data-id=\"755a908\" data-element_type=\"widget\" data-e-type=\"widget\" data-widget_type=\"image.default\">\n\t\t\t\t<div class=\"elementor-widget-container\">\n\t\t\t\t\t\t\t\t\t\t\t\t\t\t\t\t<a href=\"https:\/\/mangatom.com.br\/?p=1062\">\n\t\t\t\t\t\t\t<img loading=\"lazy\" decoding=\"async\" width=\"600\" height=\"286\" src=\"https:\/\/i0.wp.com\/mangatom.com.br\/wp-content\/uploads\/2021\/11\/top100-manga.png?fit=600%2C286&amp;ssl=1\" class=\"attachment-large size-large wp-image-3011\" alt=\"\" srcset=\"https:\/\/i0.wp.com\/mangatom.com.br\/wp-content\/uploads\/2021\/11\/top100-manga.png?w=600&amp;ssl=1 600w, https:\/\/i0.wp.com\/mangatom.com.br\/wp-content\/uploads\/2021\/11\/top100-manga.png?resize=300%2C143&amp;ssl=1 300w\" sizes=\"(max-width: 600px) 100vw, 600px\" \/>\t\t\t\t\t\t\t\t<\/a>\n\t\t\t\t\t\t\t\t\t\t\t\t\t\t\t<\/div>\n\t\t\t\t<\/div>\n\t\t\t\t\t<\/div>\n\t\t<\/div>\n\t\t\t\t\t<\/div>\n\t\t<\/section>\n\t\t\t\t<\/div>\n\t\t","protected":false},"excerpt":{"rendered":"<p>M T<\/p>\n","protected":false},"author":1,"featured_media":0,"parent":0,"menu_order":0,"comment_status":"closed","ping_status":"closed","template":"","meta":{"_monsterinsights_skip_tracking":false,"_monsterinsights_sitenote_active":false,"_monsterinsights_sitenote_note":"","_monsterinsights_sitenote_category":0,"footnotes":""},"class_list":["post-2981","page","type-page","status-publish","hentry"],"jetpack-related-posts":[{"id":5330,"url":"https:\/\/mangatom.com.br\/?page_id=5330","url_meta":{"origin":2981,"position":0},"title":"Sobre","author":"Mangatom","date":"mar\u00e7o 11, 2023","format":false,"excerpt":"Criado por Raphael Gama em 2012, ainda como blog, o Mangatom come\u00e7ou como um local exclusivo para reviews e previews de mang\u00e1s. Seu primeiro texto foi um preview de Kongou Banchou, o qual n\u00e3o existe mais e foi substitu\u00eddo em 2013 por um review da obra completa. Com o tempo\u2026","rel":"","context":"Post similar","block_context":{"text":"Post similar","link":""},"img":{"alt_text":"","src":"","width":0,"height":0},"classes":[]},{"id":2117,"url":"https:\/\/mangatom.com.br\/?page_id=2117","url_meta":{"origin":2981,"position":1},"title":"Anima\u00e7\u00f5es","author":"Mangatom","date":"outubro 15, 2021","format":false,"excerpt":"A C G H I M O P S W","rel":"","context":"Post similar","block_context":{"text":"Post similar","link":""},"img":{"alt_text":"","src":"https:\/\/i0.wp.com\/mangatom.com.br\/wp-content\/uploads\/2025\/08\/Waltz-With-Bashir-.png?resize=350%2C200&ssl=1","width":350,"height":200,"srcset":"https:\/\/i0.wp.com\/mangatom.com.br\/wp-content\/uploads\/2025\/08\/Waltz-With-Bashir-.png?resize=350%2C200&ssl=1 1x, https:\/\/i0.wp.com\/mangatom.com.br\/wp-content\/uploads\/2025\/08\/Waltz-With-Bashir-.png?resize=525%2C300&ssl=1 1.5x"},"classes":[]},{"id":1471,"url":"https:\/\/mangatom.com.br\/?page_id=1471","url_meta":{"origin":2981,"position":2},"title":"Primeiras Impress\u00f5es","author":"Mangatom","date":"abril 7, 2021","format":false,"excerpt":"M S V Y","rel":"","context":"Post similar","block_context":{"text":"Post similar","link":""},"img":{"alt_text":"","src":"https:\/\/i0.wp.com\/mangatom.com.br\/wp-content\/uploads\/2021\/11\/marsred.png?resize=350%2C200&ssl=1","width":350,"height":200,"srcset":"https:\/\/i0.wp.com\/mangatom.com.br\/wp-content\/uploads\/2021\/11\/marsred.png?resize=350%2C200&ssl=1 1x, https:\/\/i0.wp.com\/mangatom.com.br\/wp-content\/uploads\/2021\/11\/marsred.png?resize=525%2C300&ssl=1 1.5x"},"classes":[]},{"id":191,"url":"https:\/\/mangatom.com.br\/?page_id=191","url_meta":{"origin":2981,"position":3},"title":"Primeiras Impress\u00f5es","author":"Mangatom","date":"novembro 26, 2020","format":false,"excerpt":"A F G K M N O S T","rel":"","context":"Post similar","block_context":{"text":"Post similar","link":""},"img":{"alt_text":"","src":"https:\/\/i0.wp.com\/mangatom.com.br\/wp-content\/uploads\/2021\/11\/toride.png?resize=350%2C200&ssl=1","width":350,"height":200,"srcset":"https:\/\/i0.wp.com\/mangatom.com.br\/wp-content\/uploads\/2021\/11\/toride.png?resize=350%2C200&ssl=1 1x, https:\/\/i0.wp.com\/mangatom.com.br\/wp-content\/uploads\/2021\/11\/toride.png?resize=525%2C300&ssl=1 1.5x"},"classes":[]},{"id":193,"url":"https:\/\/mangatom.com.br\/?page_id=193","url_meta":{"origin":2981,"position":4},"title":"Resenhas","author":"Mangatom","date":"novembro 26, 2020","format":false,"excerpt":"A B C D E F G H I J K L M N O P R s T U W Y","rel":"","context":"Post similar","block_context":{"text":"Post similar","link":""},"img":{"alt_text":"","src":"https:\/\/i0.wp.com\/mangatom.com.br\/wp-content\/uploads\/2024\/09\/Adolf-2.png?resize=350%2C200&ssl=1","width":350,"height":200,"srcset":"https:\/\/i0.wp.com\/mangatom.com.br\/wp-content\/uploads\/2024\/09\/Adolf-2.png?resize=350%2C200&ssl=1 1x, https:\/\/i0.wp.com\/mangatom.com.br\/wp-content\/uploads\/2024\/09\/Adolf-2.png?resize=525%2C300&ssl=1 1.5x"},"classes":[]},{"id":184,"url":"https:\/\/mangatom.com.br\/?page_id=184","url_meta":{"origin":2981,"position":5},"title":"On the Nanquim","author":"Mangatom","date":"novembro 26, 2020","format":false,"excerpt":"A B C D E F G H I J L M O P R S T V W Y","rel":"","context":"Post similar","block_context":{"text":"Post similar","link":""},"img":{"alt_text":"","src":"https:\/\/i0.wp.com\/mangatom.com.br\/wp-content\/uploads\/2023\/10\/cold-steel.png?resize=350%2C200&ssl=1","width":350,"height":200,"srcset":"https:\/\/i0.wp.com\/mangatom.com.br\/wp-content\/uploads\/2023\/10\/cold-steel.png?resize=350%2C200&ssl=1 1x, https:\/\/i0.wp.com\/mangatom.com.br\/wp-content\/uploads\/2023\/10\/cold-steel.png?resize=525%2C300&ssl=1 1.5x"},"classes":[]}],"jetpack_sharing_enabled":true,"_links":{"self":[{"href":"https:\/\/mangatom.com.br\/index.php?rest_route=\/wp\/v2\/pages\/2981","targetHints":{"allow":["GET"]}}],"collection":[{"href":"https:\/\/mangatom.com.br\/index.php?rest_route=\/wp\/v2\/pages"}],"about":[{"href":"https:\/\/mangatom.com.br\/index.php?rest_route=\/wp\/v2\/types\/page"}],"author":[{"embeddable":true,"href":"https:\/\/mangatom.com.br\/index.php?rest_route=\/wp\/v2\/users\/1"}],"replies":[{"embeddable":true,"href":"https:\/\/mangatom.com.br\/index.php?rest_route=%2Fwp%2Fv2%2Fcomments&post=2981"}],"version-history":[{"count":26,"href":"https:\/\/mangatom.com.br\/index.php?rest_route=\/wp\/v2\/pages\/2981\/revisions"}],"predecessor-version":[{"id":5692,"href":"https:\/\/mangatom.com.br\/index.php?rest_route=\/wp\/v2\/pages\/2981\/revisions\/5692"}],"wp:attachment":[{"href":"https:\/\/mangatom.com.br\/index.php?rest_route=%2Fwp%2Fv2%2Fmedia&parent=2981"}],"curies":[{"name":"wp","href":"https:\/\/api.w.org\/{rel}","templated":true}]}}