{"id":174,"date":"2020-11-26T15:56:45","date_gmt":"2020-11-26T15:56:45","guid":{"rendered":"http:\/\/mangatom.com.br\/?page_id=174"},"modified":"2023-03-08T18:54:48","modified_gmt":"2023-03-08T21:54:48","slug":"31-dias-de-quadrinhos","status":"publish","type":"page","link":"https:\/\/mangatom.com.br\/?page_id=174","title":{"rendered":"31 dias de quadrinhos"},"content":{"rendered":"\n<blockquote class=\"wp-block-quote is-layout-flow wp-block-quote-is-layout-flow\">\n<p><strong>ATEN\u00c7\u00c3O:<\/strong> Essa \u00e9 uma s\u00e9rie de postagens bem antiga e n\u00e3o refletem mais minhas opini\u00f5es. Ainda podem servir de boas recomenda\u00e7\u00f5es, mas gostos mudam e tem alguns <em>takes <\/em>que me arrependo. Ainda assim, mantive os textos como publicados originalmente.<\/p>\n<\/blockquote>\n\n\n\n<p>A um tempo atr\u00e1s esses tipos de desafios de 31 dias eram bem comuns nas redes sociais, com pessoas respondendo as \u201cperguntas\u201d em sua maioria utilizando fotos, mas nunca me interessei por esse tipo de postagem.<\/p>\n\n\n\n<p>Ent\u00e3o, ap\u00f3s dar uma olhada no blog&nbsp;<strong><a href=\"http:\/\/goodokbad.com\/\" target=\"_blank\" rel=\"noreferrer noopener\">Good Ok Bad<\/a><\/strong>&nbsp;em busca de quadrinhos notei que existia um link no menu do site o qual nunca tinha reparado. Era exatamente esse desafio, porem adaptado para quadrinhos.<\/p>\n\n\n\n<p>Ap\u00f3s ler cada uma das respostas fiquei muito inclinado em \u201caceitar o desafio\u201d, e obviamente sabem qual decis\u00e3o tomei, caso contrario n\u00e3o estariam lendo essa postagem. Sendo assim, segue abaixo a lista de perguntas que&nbsp;respondi.<\/p>\n\n\n\n<figure class=\"wp-block-image\"><a href=\"https:\/\/mangatom.com.br\/?p=422\"><img data-recalc-dims=\"1\" decoding=\"async\" src=\"https:\/\/mangatom.files.wordpress.com\/2014\/09\/dia-01.png?w=790\" alt=\"dia-01\"\/><\/a><\/figure>\n\n\n\n<figure class=\"wp-block-image\"><a href=\"https:\/\/mangatom.com.br\/?p=425\"><img data-recalc-dims=\"1\" decoding=\"async\" src=\"https:\/\/mangatom.files.wordpress.com\/2014\/09\/dia-02.png?w=790\" alt=\"dia-02\"\/><\/a><\/figure>\n\n\n\n<figure class=\"wp-block-image\"><a href=\"https:\/\/mangatom.com.br\/?p=428\"><img data-recalc-dims=\"1\" decoding=\"async\" src=\"https:\/\/mangatom.files.wordpress.com\/2014\/09\/dia-03.png?w=790\" alt=\"dia-03\"\/><\/a><\/figure>\n\n\n\n<figure class=\"wp-block-image\"><a href=\"https:\/\/mangatom.com.br\/?p=431\"><img data-recalc-dims=\"1\" decoding=\"async\" src=\"https:\/\/mangatom.files.wordpress.com\/2014\/09\/dia-04.png?w=790\" alt=\"dia-04\"\/><\/a><\/figure>\n\n\n\n<figure class=\"wp-block-image\"><a href=\"https:\/\/mangatom.com.br\/?p=434\"><img data-recalc-dims=\"1\" decoding=\"async\" src=\"https:\/\/mangatom.files.wordpress.com\/2014\/09\/dia-05.png?w=790\" alt=\"dia-05\"\/><\/a><\/figure>\n\n\n\n<figure class=\"wp-block-image\"><a href=\"https:\/\/mangatom.com.br\/?p=437\"><img data-recalc-dims=\"1\" decoding=\"async\" src=\"https:\/\/mangatom.files.wordpress.com\/2014\/09\/dia-06.png?w=790\" alt=\"dia-06\"\/><\/a><\/figure>\n\n\n\n<figure class=\"wp-block-image\"><a href=\"https:\/\/mangatom.com.br\/?p=440\"><img data-recalc-dims=\"1\" decoding=\"async\" src=\"https:\/\/mangatom.files.wordpress.com\/2014\/10\/dia-07.png?w=790&#038;h=220&#038;fit=600%2C220\" alt=\"dia-07\"\/><\/a><\/figure>\n\n\n\n<figure class=\"wp-block-image\"><a href=\"https:\/\/mangatom.com.br\/?p=444\"><img data-recalc-dims=\"1\" decoding=\"async\" src=\"https:\/\/mangatom.files.wordpress.com\/2014\/10\/dia-08.png?w=790\" alt=\"dia-08\"\/><\/a><\/figure>\n\n\n\n<figure class=\"wp-block-image is-resized\"><a href=\"https:\/\/mangatom.com.br\/?p=447\"><img data-recalc-dims=\"1\" fetchpriority=\"high\" decoding=\"async\" src=\"https:\/\/mangatom.files.wordpress.com\/2014\/10\/dia-09.png?w=604&#038;resize=580%2C212\" alt=\"dia-09\" width=\"580\" height=\"212\"\/><\/a><\/figure>\n\n\n\n<figure class=\"wp-block-image\"><a href=\"https:\/\/mangatom.com.br\/?p=450\"><img data-recalc-dims=\"1\" decoding=\"async\" src=\"https:\/\/mangatom.files.wordpress.com\/2014\/10\/dia-10.png?w=790\" alt=\"dia-10\"\/><\/a><\/figure>\n\n\n\n<figure class=\"wp-block-image\"><a href=\"https:\/\/mangatom.com.br\/?p=455\"><img data-recalc-dims=\"1\" decoding=\"async\" src=\"https:\/\/mangatom.files.wordpress.com\/2014\/10\/dia-11.png?w=790\" alt=\"dia-11\"\/><\/a><\/figure>\n\n\n\n<figure class=\"wp-block-image\"><a href=\"https:\/\/mangatom.com.br\/?p=458\"><img data-recalc-dims=\"1\" decoding=\"async\" src=\"https:\/\/mangatom.files.wordpress.com\/2014\/10\/dia-12.png?w=790\" alt=\"dia-12\"\/><\/a><\/figure>\n\n\n\n<figure class=\"wp-block-image\"><a href=\"https:\/\/mangatom.com.br\/?p=461\"><img data-recalc-dims=\"1\" decoding=\"async\" src=\"https:\/\/mangatom.files.wordpress.com\/2014\/10\/dia-13.png?w=790\" alt=\"dia-13\"\/><\/a><\/figure>\n\n\n\n<figure class=\"wp-block-image\"><a href=\"https:\/\/mangatom.com.br\/?p=464\"><img data-recalc-dims=\"1\" decoding=\"async\" src=\"https:\/\/mangatom.files.wordpress.com\/2014\/10\/dia-14.png?w=790\" alt=\"dia-14\"\/><\/a><\/figure>\n\n\n\n<figure class=\"wp-block-image\"><a href=\"https:\/\/mangatom.com.br\/?p=468\"><img data-recalc-dims=\"1\" decoding=\"async\" src=\"https:\/\/mangatom.files.wordpress.com\/2014\/10\/dia-151.png?w=790\" alt=\"dia-15\"\/><\/a><\/figure>\n\n\n\n<figure class=\"wp-block-image\"><a href=\"https:\/\/mangatom.com.br\/?p=471\"><img data-recalc-dims=\"1\" decoding=\"async\" src=\"https:\/\/mangatom.files.wordpress.com\/2014\/10\/dia-16.png?w=790\" alt=\"dia-16\"\/><\/a><\/figure>\n\n\n\n<figure class=\"wp-block-image\"><a href=\"https:\/\/mangatom.com.br\/?p=474\"><img data-recalc-dims=\"1\" decoding=\"async\" src=\"https:\/\/mangatom.files.wordpress.com\/2014\/10\/dia-17.png?w=790\" alt=\"dia-17\"\/><\/a><\/figure>\n\n\n\n<figure class=\"wp-block-image\"><a href=\"https:\/\/mangatom.com.br\/?p=482\"><img data-recalc-dims=\"1\" decoding=\"async\" src=\"https:\/\/mangatom.files.wordpress.com\/2014\/10\/dia-18.png?w=790\" alt=\"dia-18\"\/><\/a><\/figure>\n\n\n\n<figure class=\"wp-block-image\"><a href=\"https:\/\/mangatom.com.br\/?p=485\"><img data-recalc-dims=\"1\" decoding=\"async\" src=\"https:\/\/mangatom.files.wordpress.com\/2014\/10\/dia-19.png?w=790\" alt=\"dia-19\"\/><\/a><\/figure>\n\n\n\n<figure class=\"wp-block-image\"><a href=\"https:\/\/mangatom.com.br\/?p=488\"><img data-recalc-dims=\"1\" decoding=\"async\" src=\"https:\/\/mangatom.files.wordpress.com\/2014\/10\/dia-201.png?w=790\" alt=\"dia-20\"\/><\/a><\/figure>\n\n\n\n<figure class=\"wp-block-image\"><a href=\"https:\/\/mangatom.com.br\/?p=493\"><img data-recalc-dims=\"1\" decoding=\"async\" src=\"https:\/\/mangatom.files.wordpress.com\/2014\/11\/dia-21.png?w=790\" alt=\"dia-21\"\/><\/a><\/figure>\n\n\n\n<figure class=\"wp-block-image\"><a href=\"https:\/\/mangatom.com.br\/?p=496\"><img data-recalc-dims=\"1\" decoding=\"async\" src=\"https:\/\/mangatom.files.wordpress.com\/2014\/11\/dia-22.png?w=790\" alt=\"dia-22\"\/><\/a><\/figure>\n\n\n\n<figure class=\"wp-block-image\"><a href=\"https:\/\/mangatom.com.br\/?p=500\"><img data-recalc-dims=\"1\" decoding=\"async\" src=\"https:\/\/mangatom.files.wordpress.com\/2014\/11\/dia-23.png?w=790\" alt=\"dia-23\"\/><\/a><\/figure>\n\n\n\n<figure class=\"wp-block-image\"><a href=\"https:\/\/mangatom.com.br\/?p=504\"><img data-recalc-dims=\"1\" decoding=\"async\" src=\"https:\/\/mangatom.files.wordpress.com\/2014\/11\/dia-24.png?w=790\" alt=\"dia-24\"\/><\/a><\/figure>\n\n\n\n<figure class=\"wp-block-image\"><a href=\"https:\/\/mangatom.com.br\/?p=507\"><img data-recalc-dims=\"1\" decoding=\"async\" src=\"https:\/\/mangatom.files.wordpress.com\/2014\/11\/dia-25.png?w=790\" alt=\"dia-25\"\/><\/a><\/figure>\n\n\n\n<figure class=\"wp-block-image\"><a href=\"https:\/\/mangatom.com.br\/?p=510\"><img data-recalc-dims=\"1\" decoding=\"async\" src=\"https:\/\/mangatom.files.wordpress.com\/2014\/11\/dia-26.png?w=790\" alt=\"dia-26\"\/><\/a><\/figure>\n\n\n\n<figure class=\"wp-block-image\"><a href=\"https:\/\/mangatom.com.br\/?p=513\"><img data-recalc-dims=\"1\" decoding=\"async\" src=\"https:\/\/mangatom.files.wordpress.com\/2014\/11\/dia-27.png?w=790\" alt=\"dia-27\"\/><\/a><\/figure>\n\n\n\n<figure class=\"wp-block-image\"><a href=\"https:\/\/mangatom.com.br\/?p=516\"><img data-recalc-dims=\"1\" decoding=\"async\" src=\"https:\/\/mangatom.files.wordpress.com\/2014\/11\/dia-281.png?w=790\" alt=\"dia-28\"\/><\/a><\/figure>\n\n\n\n<figure class=\"wp-block-image\"><a href=\"https:\/\/mangatom.com.br\/?p=519\"><img data-recalc-dims=\"1\" decoding=\"async\" src=\"https:\/\/mangatom.files.wordpress.com\/2014\/11\/dia-29.png?w=790\" alt=\"dia-29\"\/><\/a><\/figure>\n\n\n\n<figure class=\"wp-block-image\"><a href=\"https:\/\/mangatom.com.br\/?p=523\"><img data-recalc-dims=\"1\" decoding=\"async\" src=\"https:\/\/mangatom.files.wordpress.com\/2014\/11\/dia-30.png?w=790\" alt=\"dia-30\"\/><\/a><\/figure>\n\n\n\n<figure class=\"wp-block-image\"><a href=\"https:\/\/mangatom.com.br\/?p=527\"><img data-recalc-dims=\"1\" decoding=\"async\" src=\"https:\/\/mangatom.files.wordpress.com\/2014\/11\/dia-31.png?w=790\" alt=\"dia-31\"\/><\/a><\/figure>\n","protected":false},"excerpt":{"rendered":"<p>ATEN\u00c7\u00c3O: Essa \u00e9 uma s\u00e9rie de postagens bem antiga e n\u00e3o refletem mais minhas opini\u00f5es. Ainda podem servir de boas recomenda\u00e7\u00f5es, mas gostos mudam e&hellip; <\/p>\n","protected":false},"author":1,"featured_media":0,"parent":0,"menu_order":0,"comment_status":"closed","ping_status":"closed","template":"","meta":{"_monsterinsights_skip_tracking":false,"_monsterinsights_sitenote_active":false,"_monsterinsights_sitenote_note":"","_monsterinsights_sitenote_category":0,"footnotes":""},"class_list":["post-174","page","type-page","status-publish","hentry"],"jetpack-related-posts":[{"id":34,"url":"https:\/\/mangatom.com.br\/?page_id=34","url_meta":{"origin":174,"position":0},"title":"Parceria","author":"Mangatom","date":"novembro 26, 2020","format":false,"excerpt":"Quer ser parceiro do Mangatom? Ent\u00e3o basta comentar aqui ou enviar um e-mail para\u00a0blogmangatom@gmail.com. Nos damos a liberdade de avaliar seu conte\u00fado primeiramente, e dependendo do que acharmos iremos firmar a parceria. Porem al\u00e9m disso existem algumas regras para voc\u00ea se candidatar a parceiro. \u2013 O site \/ canal deve\u2026","rel":"","context":"Post similar","block_context":{"text":"Post similar","link":""},"img":{"alt_text":"","src":"","width":0,"height":0},"classes":[]},{"id":5330,"url":"https:\/\/mangatom.com.br\/?page_id=5330","url_meta":{"origin":174,"position":1},"title":"Sobre","author":"Mangatom","date":"mar\u00e7o 11, 2023","format":false,"excerpt":"Criado por Raphael Gama em 2012, ainda como blog, o Mangatom come\u00e7ou como um local exclusivo para reviews e previews de mang\u00e1s. Seu primeiro texto foi um preview de Kongou Banchou, o qual n\u00e3o existe mais e foi substitu\u00eddo em 2013 por um review da obra completa. Com o tempo\u2026","rel":"","context":"Post similar","block_context":{"text":"Post similar","link":""},"img":{"alt_text":"","src":"","width":0,"height":0},"classes":[]},{"id":154,"url":"https:\/\/mangatom.com.br\/?page_id=154","url_meta":{"origin":174,"position":2},"title":"Posts Especiais","author":"Mangatom","date":"novembro 26, 2020","format":false,"excerpt":"Aqui esta uma lista dos posts que\u2026bem\u2026eu n\u00e3o criei uma categoria especifica, logo s\u00e3o especiais\u2026algo assim =P","rel":"","context":"Post similar","block_context":{"text":"Post similar","link":""},"img":{"alt_text":"","src":"","width":0,"height":0},"classes":[]}],"jetpack_sharing_enabled":true,"_links":{"self":[{"href":"https:\/\/mangatom.com.br\/index.php?rest_route=\/wp\/v2\/pages\/174","targetHints":{"allow":["GET"]}}],"collection":[{"href":"https:\/\/mangatom.com.br\/index.php?rest_route=\/wp\/v2\/pages"}],"about":[{"href":"https:\/\/mangatom.com.br\/index.php?rest_route=\/wp\/v2\/types\/page"}],"author":[{"embeddable":true,"href":"https:\/\/mangatom.com.br\/index.php?rest_route=\/wp\/v2\/users\/1"}],"replies":[{"embeddable":true,"href":"https:\/\/mangatom.com.br\/index.php?rest_route=%2Fwp%2Fv2%2Fcomments&post=174"}],"version-history":[{"count":9,"href":"https:\/\/mangatom.com.br\/index.php?rest_route=\/wp\/v2\/pages\/174\/revisions"}],"predecessor-version":[{"id":5315,"href":"https:\/\/mangatom.com.br\/index.php?rest_route=\/wp\/v2\/pages\/174\/revisions\/5315"}],"wp:attachment":[{"href":"https:\/\/mangatom.com.br\/index.php?rest_route=%2Fwp%2Fv2%2Fmedia&parent=174"}],"curies":[{"name":"wp","href":"https:\/\/api.w.org\/{rel}","templated":true}]}}