{"id":154,"date":"2020-11-26T15:49:21","date_gmt":"2020-11-26T15:49:21","guid":{"rendered":"http:\/\/mangatom.com.br\/?page_id=154"},"modified":"2021-04-13T00:03:24","modified_gmt":"2021-04-13T03:03:24","slug":"posts-especiais","status":"publish","type":"page","link":"https:\/\/mangatom.com.br\/?page_id=154","title":{"rendered":"Posts Especiais"},"content":{"rendered":"\n<p>Aqui esta uma lista dos posts que\u2026bem\u2026eu n\u00e3o criei uma categoria especifica, logo s\u00e3o especiais\u2026algo assim =P<\/p>\n\n\n\n<figure class=\"wp-block-image size-large\"><a href=\"https:\/\/mangatom.com.br\/?p=375\"><img data-recalc-dims=\"1\" decoding=\"async\" src=\"https:\/\/i0.wp.com\/mangatom.com.br\/wp-content\/uploads\/2020\/11\/clichc3aas-de-ops.png?w=790\" alt=\"\" class=\"wp-image-162\"\/><\/a><\/figure>\n\n\n\n<figure class=\"wp-block-image size-large\"><a href=\"https:\/\/mangatom.com.br\/?p=1002\"><img data-recalc-dims=\"1\" decoding=\"async\" src=\"https:\/\/i0.wp.com\/mangatom.com.br\/wp-content\/uploads\/2020\/11\/como-escrever-um-review.png?w=790\" alt=\"\" class=\"wp-image-163\"\/><\/a><\/figure>\n\n\n\n<figure class=\"wp-block-image size-large\"><img data-recalc-dims=\"1\" decoding=\"async\" src=\"https:\/\/i0.wp.com\/mangatom.com.br\/wp-content\/uploads\/2020\/11\/su.png?w=790\" alt=\"\" class=\"wp-image-168\"\/><\/figure>\n\n\n\n<figure class=\"wp-block-image size-large\"><a href=\"https:\/\/mangatom.com.br\/?p=665\"><img data-recalc-dims=\"1\" decoding=\"async\" src=\"https:\/\/i0.wp.com\/mangatom.com.br\/wp-content\/uploads\/2020\/11\/halloweeeeeeen.png?w=790\" alt=\"\" class=\"wp-image-164\"\/><\/a><\/figure>\n\n\n\n<figure class=\"wp-block-image size-large\"><a href=\"https:\/\/mangatom.com.br\/?p=310\"><img data-recalc-dims=\"1\" decoding=\"async\" src=\"https:\/\/i0.wp.com\/mangatom.com.br\/wp-content\/uploads\/2020\/11\/2012.png?w=790\" alt=\"\" class=\"wp-image-156\"\/><\/a><\/figure>\n\n\n\n<figure class=\"wp-block-image size-large\"><a href=\"https:\/\/mangatom.com.br\/?p=381\"><img data-recalc-dims=\"1\" decoding=\"async\" src=\"https:\/\/i0.wp.com\/mangatom.com.br\/wp-content\/uploads\/2020\/11\/2013.png?w=790\" alt=\"\" class=\"wp-image-157\"\/><\/a><\/figure>\n\n\n\n<figure class=\"wp-block-image size-large\"><a href=\"https:\/\/mangatom.com.br\/?p=674\"><img data-recalc-dims=\"1\" decoding=\"async\" src=\"https:\/\/i0.wp.com\/mangatom.com.br\/wp-content\/uploads\/2020\/11\/2015.png?w=790\" alt=\"\" class=\"wp-image-158\"\/><\/a><\/figure>\n\n\n\n<figure class=\"wp-block-image size-large\"><a href=\"https:\/\/mangatom.com.br\/?p=626\"><img data-recalc-dims=\"1\" decoding=\"async\" src=\"https:\/\/i0.wp.com\/mangatom.com.br\/wp-content\/uploads\/2020\/11\/iwata.png?w=790\" alt=\"\" class=\"wp-image-165\"\/><\/a><\/figure>\n\n\n\n<figure class=\"wp-block-image size-large\"><img data-recalc-dims=\"1\" decoding=\"async\" src=\"https:\/\/i0.wp.com\/mangatom.com.br\/wp-content\/uploads\/2020\/11\/cartoons.png?w=790\" alt=\"\" class=\"wp-image-160\"\/><\/figure>\n\n\n\n<figure class=\"wp-block-image size-large\"><a href=\"https:\/\/mangatom.com.br\/?p=681\"><img data-recalc-dims=\"1\" decoding=\"async\" src=\"https:\/\/i0.wp.com\/mangatom.com.br\/wp-content\/uploads\/2020\/11\/cine-1.png?w=790\" alt=\"\" class=\"wp-image-161\"\/><\/a><\/figure>\n\n\n\n<figure class=\"wp-block-image size-large\"><a href=\"https:\/\/mangatom.com.br\/?p=753\"><img data-recalc-dims=\"1\" decoding=\"async\" src=\"https:\/\/i0.wp.com\/mangatom.com.br\/wp-content\/uploads\/2020\/11\/picnik.png?w=790\" alt=\"\" class=\"wp-image-167\"\/><\/a><\/figure>\n\n\n\n<figure class=\"wp-block-image size-large\"><a href=\"https:\/\/mangatom.com.br\/?p=1012\"><img data-recalc-dims=\"1\" decoding=\"async\" src=\"https:\/\/i0.wp.com\/mangatom.com.br\/wp-content\/uploads\/2021\/01\/quote.png?w=790&#038;ssl=1\" alt=\"\" class=\"wp-image-1028\"\/><\/a><\/figure>\n\n\n\n<figure class=\"wp-block-image size-large\"><a href=\"https:\/\/mangatom.com.br\/?p=1062\"><img data-recalc-dims=\"1\" decoding=\"async\" src=\"https:\/\/i0.wp.com\/mangatom.com.br\/wp-content\/uploads\/2020\/11\/top-100.png?w=790\" alt=\"\" class=\"wp-image-169\"\/><\/a><\/figure>\n","protected":false},"excerpt":{"rendered":"<p>Aqui esta uma lista dos posts que\u2026bem\u2026eu n\u00e3o criei uma categoria especifica, logo s\u00e3o especiais\u2026algo assim =P<\/p>\n","protected":false},"author":1,"featured_media":0,"parent":0,"menu_order":0,"comment_status":"closed","ping_status":"closed","template":"","meta":{"_monsterinsights_skip_tracking":false,"_monsterinsights_sitenote_active":false,"_monsterinsights_sitenote_note":"","_monsterinsights_sitenote_category":0,"footnotes":""},"class_list":["post-154","page","type-page","status-publish","hentry"],"jetpack-related-posts":[{"id":34,"url":"https:\/\/mangatom.com.br\/?page_id=34","url_meta":{"origin":154,"position":0},"title":"Parceria","author":"Mangatom","date":"novembro 26, 2020","format":false,"excerpt":"Quer ser parceiro do Mangatom? Ent\u00e3o basta comentar aqui ou enviar um e-mail para\u00a0blogmangatom@gmail.com. Nos damos a liberdade de avaliar seu conte\u00fado primeiramente, e dependendo do que acharmos iremos firmar a parceria. Porem al\u00e9m disso existem algumas regras para voc\u00ea se candidatar a parceiro. \u2013 O site \/ canal deve\u2026","rel":"","context":"Post similar","block_context":{"text":"Post similar","link":""},"img":{"alt_text":"","src":"","width":0,"height":0},"classes":[]},{"id":174,"url":"https:\/\/mangatom.com.br\/?page_id=174","url_meta":{"origin":154,"position":1},"title":"31 dias de quadrinhos","author":"Mangatom","date":"novembro 26, 2020","format":false,"excerpt":"ATEN\u00c7\u00c3O: Essa \u00e9 uma s\u00e9rie de postagens bem antiga e n\u00e3o refletem mais minhas opini\u00f5es. Ainda podem servir de boas recomenda\u00e7\u00f5es, mas gostos mudam e tem alguns takes que me arrependo. Ainda assim, mantive os textos como publicados originalmente. A um tempo atr\u00e1s esses tipos de desafios de 31 dias\u2026","rel":"","context":"Post similar","block_context":{"text":"Post similar","link":""},"img":{"alt_text":"dia-09","src":"https:\/\/mangatom.files.wordpress.com\/2014\/10\/dia-09.png?w=350&h=200&crop=1","width":350,"height":200,"srcset":"https:\/\/mangatom.files.wordpress.com\/2014\/10\/dia-09.png?w=350&h=200&crop=1 1x, https:\/\/mangatom.files.wordpress.com\/2014\/10\/dia-09.png?w=525&h=300&crop=1 1.5x"},"classes":[]},{"id":5926,"url":"https:\/\/mangatom.com.br\/?page_id=5926","url_meta":{"origin":154,"position":2},"title":"Emuladores e afins","author":"Mangatom","date":"agosto 22, 2023","format":false,"excerpt":"EMULADORES E AFINS No canal Indie-A-tom temos o quadro Calabou\u00e7o das Roms, onde eu falo de emuladores. Esse projeto se tornou um pouco maior do que eu antecipava, com muita pesquisa e detalhes importantes para cada v\u00eddeo. Visto que eu n\u00e3o tenho como salvar tudo de forma pr\u00e1tica num local,\u2026","rel":"","context":"Post similar","block_context":{"text":"Post similar","link":""},"img":{"alt_text":"","src":"https:\/\/i0.wp.com\/mangatom.com.br\/wp-content\/uploads\/2024\/09\/pc98.png?resize=350%2C200&ssl=1","width":350,"height":200,"srcset":"https:\/\/i0.wp.com\/mangatom.com.br\/wp-content\/uploads\/2024\/09\/pc98.png?resize=350%2C200&ssl=1 1x, https:\/\/i0.wp.com\/mangatom.com.br\/wp-content\/uploads\/2024\/09\/pc98.png?resize=525%2C300&ssl=1 1.5x"},"classes":[]},{"id":26,"url":"https:\/\/mangatom.com.br\/?page_id=26","url_meta":{"origin":154,"position":3},"title":"On The Screen","author":"Mangatom","date":"novembro 26, 2020","format":false,"excerpt":"O On the Screen \u00e9 a coluna dedicada a tudo que estiver nas telinhas e telonas. Filmes, desenhos, animes, series e assim vai. Espero que encontre aqui sua pr\u00f3xima grande maratona!","rel":"","context":"Post similar","block_context":{"text":"Post similar","link":""},"img":{"alt_text":"","src":"https:\/\/i0.wp.com\/mangatom.com.br\/wp-content\/uploads\/2023\/11\/Captura-de-tela-2023-11-02-194509.png?resize=350%2C200&ssl=1","width":350,"height":200},"classes":[]},{"id":5330,"url":"https:\/\/mangatom.com.br\/?page_id=5330","url_meta":{"origin":154,"position":4},"title":"Sobre","author":"Mangatom","date":"mar\u00e7o 11, 2023","format":false,"excerpt":"Criado por Raphael Gama em 2012, ainda como blog, o Mangatom come\u00e7ou como um local exclusivo para reviews e previews de mang\u00e1s. Seu primeiro texto foi um preview de Kongou Banchou, o qual n\u00e3o existe mais e foi substitu\u00eddo em 2013 por um review da obra completa. Com o tempo\u2026","rel":"","context":"Post similar","block_context":{"text":"Post similar","link":""},"img":{"alt_text":"","src":"","width":0,"height":0},"classes":[]},{"id":28,"url":"https:\/\/mangatom.com.br\/?page_id=28","url_meta":{"origin":154,"position":5},"title":"Games","author":"Mangatom","date":"novembro 26, 2020","format":false,"excerpt":"Todo conte\u00fado sobre games est\u00e1 agora em nosso canal do YouTube. Confira o Indie-A-tom! CLICK AQUI PARA ACESSAR https:\/\/www.youtube.com\/watch?v=XEeYZi7uRvM","rel":"","context":"Post similar","block_context":{"text":"Post similar","link":""},"img":{"alt_text":"","src":"https:\/\/i0.wp.com\/img.youtube.com\/vi\/XEeYZi7uRvM\/0.jpg?resize=350%2C200","width":350,"height":200},"classes":[]}],"jetpack_sharing_enabled":true,"_links":{"self":[{"href":"https:\/\/mangatom.com.br\/index.php?rest_route=\/wp\/v2\/pages\/154","targetHints":{"allow":["GET"]}}],"collection":[{"href":"https:\/\/mangatom.com.br\/index.php?rest_route=\/wp\/v2\/pages"}],"about":[{"href":"https:\/\/mangatom.com.br\/index.php?rest_route=\/wp\/v2\/types\/page"}],"author":[{"embeddable":true,"href":"https:\/\/mangatom.com.br\/index.php?rest_route=\/wp\/v2\/users\/1"}],"replies":[{"embeddable":true,"href":"https:\/\/mangatom.com.br\/index.php?rest_route=%2Fwp%2Fv2%2Fcomments&post=154"}],"version-history":[{"count":17,"href":"https:\/\/mangatom.com.br\/index.php?rest_route=\/wp\/v2\/pages\/154\/revisions"}],"predecessor-version":[{"id":2977,"href":"https:\/\/mangatom.com.br\/index.php?rest_route=\/wp\/v2\/pages\/154\/revisions\/2977"}],"wp:attachment":[{"href":"https:\/\/mangatom.com.br\/index.php?rest_route=%2Fwp%2Fv2%2Fmedia&parent=154"}],"curies":[{"name":"wp","href":"https:\/\/api.w.org\/{rel}","templated":true}]}}