{"id":1471,"date":"2021-04-07T16:19:39","date_gmt":"2021-04-07T19:19:39","guid":{"rendered":"https:\/\/mangatom.com.br\/?page_id=1471"},"modified":"2022-07-17T20:35:04","modified_gmt":"2022-07-17T23:35:04","slug":"primeiras-impressoes-3","status":"publish","type":"page","link":"https:\/\/mangatom.com.br\/?page_id=1471","title":{"rendered":"Primeiras Impress\u00f5es"},"content":{"rendered":"\t\t<div data-elementor-type=\"wp-page\" data-elementor-id=\"1471\" class=\"elementor elementor-1471\">\n\t\t\t\t\t\t<section class=\"elementor-section elementor-top-section elementor-element elementor-element-8feff06 elementor-section-boxed elementor-section-height-default elementor-section-height-default\" data-id=\"8feff06\" data-element_type=\"section\" data-e-type=\"section\">\n\t\t\t\t\t\t<div class=\"elementor-container elementor-column-gap-default\">\n\t\t\t\t\t<div class=\"elementor-column elementor-col-100 elementor-top-column elementor-element elementor-element-8229fef\" data-id=\"8229fef\" data-element_type=\"column\" data-e-type=\"column\">\n\t\t\t<div class=\"elementor-widget-wrap elementor-element-populated\">\n\t\t\t\t\t\t<div class=\"elementor-element elementor-element-70b31c1 elementor-widget elementor-widget-heading\" data-id=\"70b31c1\" data-element_type=\"widget\" data-e-type=\"widget\" data-widget_type=\"heading.default\">\n\t\t\t\t<div class=\"elementor-widget-container\">\n\t\t\t\t\t<h1 class=\"elementor-heading-title elementor-size-default\">M<\/h1>\t\t\t\t<\/div>\n\t\t\t\t<\/div>\n\t\t\t\t\t<\/div>\n\t\t<\/div>\n\t\t\t\t\t<\/div>\n\t\t<\/section>\n\t\t\t\t<section class=\"elementor-section elementor-top-section elementor-element elementor-element-e5dc91d elementor-section-boxed elementor-section-height-default elementor-section-height-default\" data-id=\"e5dc91d\" data-element_type=\"section\" data-e-type=\"section\">\n\t\t\t\t\t\t<div class=\"elementor-container elementor-column-gap-default\">\n\t\t\t\t\t<div class=\"elementor-column elementor-col-50 elementor-top-column elementor-element elementor-element-82eba3c\" data-id=\"82eba3c\" data-element_type=\"column\" data-e-type=\"column\">\n\t\t\t<div class=\"elementor-widget-wrap elementor-element-populated\">\n\t\t\t\t\t\t<div class=\"elementor-element elementor-element-c420dc9 elementor-widget elementor-widget-image\" data-id=\"c420dc9\" data-element_type=\"widget\" data-e-type=\"widget\" data-widget_type=\"image.default\">\n\t\t\t\t<div class=\"elementor-widget-container\">\n\t\t\t\t\t\t\t\t\t\t\t\t\t\t\t\t<a href=\"https:\/\/mangatom.com.br\/?p=1462\">\n\t\t\t\t\t\t\t<img fetchpriority=\"high\" decoding=\"async\" width=\"600\" height=\"286\" src=\"https:\/\/i0.wp.com\/mangatom.com.br\/wp-content\/uploads\/2021\/11\/marsred.png?fit=600%2C286&amp;ssl=1\" class=\"attachment-large size-large wp-image-2459\" alt=\"\" srcset=\"https:\/\/i0.wp.com\/mangatom.com.br\/wp-content\/uploads\/2021\/11\/marsred.png?w=600&amp;ssl=1 600w, https:\/\/i0.wp.com\/mangatom.com.br\/wp-content\/uploads\/2021\/11\/marsred.png?resize=300%2C143&amp;ssl=1 300w\" sizes=\"(max-width: 600px) 100vw, 600px\" \/>\t\t\t\t\t\t\t\t<\/a>\n\t\t\t\t\t\t\t\t\t\t\t\t\t\t\t<\/div>\n\t\t\t\t<\/div>\n\t\t\t\t\t<\/div>\n\t\t<\/div>\n\t\t\t\t<div class=\"elementor-column elementor-col-50 elementor-top-column elementor-element elementor-element-f824bb3\" data-id=\"f824bb3\" data-element_type=\"column\" data-e-type=\"column\">\n\t\t\t<div class=\"elementor-widget-wrap\">\n\t\t\t\t\t\t\t<\/div>\n\t\t<\/div>\n\t\t\t\t\t<\/div>\n\t\t<\/section>\n\t\t\t\t<section class=\"elementor-section elementor-top-section elementor-element elementor-element-930e47d elementor-section-boxed elementor-section-height-default elementor-section-height-default\" data-id=\"930e47d\" data-element_type=\"section\" data-e-type=\"section\">\n\t\t\t\t\t\t<div class=\"elementor-container elementor-column-gap-default\">\n\t\t\t\t\t<div class=\"elementor-column elementor-col-100 elementor-top-column elementor-element elementor-element-bc97c5b\" data-id=\"bc97c5b\" data-element_type=\"column\" data-e-type=\"column\">\n\t\t\t<div class=\"elementor-widget-wrap elementor-element-populated\">\n\t\t\t\t\t\t<div class=\"elementor-element elementor-element-4040b6d elementor-widget elementor-widget-heading\" data-id=\"4040b6d\" data-element_type=\"widget\" data-e-type=\"widget\" data-widget_type=\"heading.default\">\n\t\t\t\t<div class=\"elementor-widget-container\">\n\t\t\t\t\t<h1 class=\"elementor-heading-title elementor-size-default\">S<\/h1>\t\t\t\t<\/div>\n\t\t\t\t<\/div>\n\t\t\t\t\t<\/div>\n\t\t<\/div>\n\t\t\t\t\t<\/div>\n\t\t<\/section>\n\t\t\t\t<section class=\"elementor-section elementor-top-section elementor-element elementor-element-1a60feb elementor-section-boxed elementor-section-height-default elementor-section-height-default\" data-id=\"1a60feb\" data-element_type=\"section\" data-e-type=\"section\">\n\t\t\t\t\t\t<div class=\"elementor-container elementor-column-gap-default\">\n\t\t\t\t\t<div class=\"elementor-column elementor-col-50 elementor-top-column elementor-element elementor-element-5b7adf0\" data-id=\"5b7adf0\" data-element_type=\"column\" data-e-type=\"column\">\n\t\t\t<div class=\"elementor-widget-wrap elementor-element-populated\">\n\t\t\t\t\t\t<div class=\"elementor-element elementor-element-b2c239e elementor-widget elementor-widget-image\" data-id=\"b2c239e\" data-element_type=\"widget\" data-e-type=\"widget\" data-widget_type=\"image.default\">\n\t\t\t\t<div class=\"elementor-widget-container\">\n\t\t\t\t\t\t\t\t\t\t\t\t\t\t\t\t<a href=\"https:\/\/mangatom.com.br\/?p=1462\">\n\t\t\t\t\t\t\t<img decoding=\"async\" width=\"600\" height=\"286\" src=\"https:\/\/i0.wp.com\/mangatom.com.br\/wp-content\/uploads\/2021\/11\/shaman_king2021.png?fit=600%2C286&amp;ssl=1\" class=\"attachment-large size-large wp-image-2462\" alt=\"\" srcset=\"https:\/\/i0.wp.com\/mangatom.com.br\/wp-content\/uploads\/2021\/11\/shaman_king2021.png?w=600&amp;ssl=1 600w, https:\/\/i0.wp.com\/mangatom.com.br\/wp-content\/uploads\/2021\/11\/shaman_king2021.png?resize=300%2C143&amp;ssl=1 300w\" sizes=\"(max-width: 600px) 100vw, 600px\" \/>\t\t\t\t\t\t\t\t<\/a>\n\t\t\t\t\t\t\t\t\t\t\t\t\t\t\t<\/div>\n\t\t\t\t<\/div>\n\t\t\t\t\t<\/div>\n\t\t<\/div>\n\t\t\t\t<div class=\"elementor-column elementor-col-50 elementor-top-column elementor-element elementor-element-70e1293\" data-id=\"70e1293\" data-element_type=\"column\" data-e-type=\"column\">\n\t\t\t<div class=\"elementor-widget-wrap elementor-element-populated\">\n\t\t\t\t\t\t<div class=\"elementor-element elementor-element-5e3e613 elementor-widget elementor-widget-image\" data-id=\"5e3e613\" data-element_type=\"widget\" data-e-type=\"widget\" data-widget_type=\"image.default\">\n\t\t\t\t<div class=\"elementor-widget-container\">\n\t\t\t\t\t\t\t\t\t\t\t\t\t\t\t\t<a href=\"https:\/\/mangatom.com.br\/?p=1462\">\n\t\t\t\t\t\t\t<img decoding=\"async\" width=\"600\" height=\"286\" src=\"https:\/\/i0.wp.com\/mangatom.com.br\/wp-content\/uploads\/2021\/11\/dynazeimon.png?fit=600%2C286&amp;ssl=1\" class=\"attachment-large size-large wp-image-2457\" alt=\"\" srcset=\"https:\/\/i0.wp.com\/mangatom.com.br\/wp-content\/uploads\/2021\/11\/dynazeimon.png?w=600&amp;ssl=1 600w, https:\/\/i0.wp.com\/mangatom.com.br\/wp-content\/uploads\/2021\/11\/dynazeimon.png?resize=300%2C143&amp;ssl=1 300w\" sizes=\"(max-width: 600px) 100vw, 600px\" \/>\t\t\t\t\t\t\t\t<\/a>\n\t\t\t\t\t\t\t\t\t\t\t\t\t\t\t<\/div>\n\t\t\t\t<\/div>\n\t\t\t\t\t<\/div>\n\t\t<\/div>\n\t\t\t\t\t<\/div>\n\t\t<\/section>\n\t\t\t\t<section class=\"elementor-section elementor-top-section elementor-element elementor-element-1cda36b elementor-section-boxed elementor-section-height-default elementor-section-height-default\" data-id=\"1cda36b\" data-element_type=\"section\" data-e-type=\"section\">\n\t\t\t\t\t\t<div class=\"elementor-container elementor-column-gap-default\">\n\t\t\t\t\t<div class=\"elementor-column elementor-col-100 elementor-top-column elementor-element elementor-element-51f9c78\" data-id=\"51f9c78\" data-element_type=\"column\" data-e-type=\"column\">\n\t\t\t<div class=\"elementor-widget-wrap elementor-element-populated\">\n\t\t\t\t\t\t<div class=\"elementor-element elementor-element-f284057 elementor-widget elementor-widget-heading\" data-id=\"f284057\" data-element_type=\"widget\" data-e-type=\"widget\" data-widget_type=\"heading.default\">\n\t\t\t\t<div class=\"elementor-widget-container\">\n\t\t\t\t\t<h1 class=\"elementor-heading-title elementor-size-default\">V<\/h1>\t\t\t\t<\/div>\n\t\t\t\t<\/div>\n\t\t\t\t\t<\/div>\n\t\t<\/div>\n\t\t\t\t\t<\/div>\n\t\t<\/section>\n\t\t\t\t<section class=\"elementor-section elementor-top-section elementor-element elementor-element-a55d5f9 elementor-section-boxed elementor-section-height-default elementor-section-height-default\" data-id=\"a55d5f9\" data-element_type=\"section\" data-e-type=\"section\">\n\t\t\t\t\t\t<div class=\"elementor-container elementor-column-gap-default\">\n\t\t\t\t\t<div class=\"elementor-column elementor-col-50 elementor-top-column elementor-element elementor-element-af12087\" data-id=\"af12087\" data-element_type=\"column\" data-e-type=\"column\">\n\t\t\t<div class=\"elementor-widget-wrap elementor-element-populated\">\n\t\t\t\t\t\t<div class=\"elementor-element elementor-element-54f4fcb elementor-widget elementor-widget-image\" data-id=\"54f4fcb\" data-element_type=\"widget\" data-e-type=\"widget\" data-widget_type=\"image.default\">\n\t\t\t\t<div class=\"elementor-widget-container\">\n\t\t\t\t\t\t\t\t\t\t\t\t\t\t\t\t<a href=\"https:\/\/mangatom.com.br\/?p=1462\">\n\t\t\t\t\t\t\t<img loading=\"lazy\" decoding=\"async\" width=\"600\" height=\"286\" src=\"https:\/\/i0.wp.com\/mangatom.com.br\/wp-content\/uploads\/2021\/11\/vivy.png?fit=600%2C286&amp;ssl=1\" class=\"attachment-large size-large wp-image-2463\" alt=\"\" srcset=\"https:\/\/i0.wp.com\/mangatom.com.br\/wp-content\/uploads\/2021\/11\/vivy.png?w=600&amp;ssl=1 600w, https:\/\/i0.wp.com\/mangatom.com.br\/wp-content\/uploads\/2021\/11\/vivy.png?resize=300%2C143&amp;ssl=1 300w\" sizes=\"(max-width: 600px) 100vw, 600px\" \/>\t\t\t\t\t\t\t\t<\/a>\n\t\t\t\t\t\t\t\t\t\t\t\t\t\t\t<\/div>\n\t\t\t\t<\/div>\n\t\t\t\t\t<\/div>\n\t\t<\/div>\n\t\t\t\t<div class=\"elementor-column elementor-col-50 elementor-top-column elementor-element elementor-element-d05c0a5\" data-id=\"d05c0a5\" data-element_type=\"column\" data-e-type=\"column\">\n\t\t\t<div class=\"elementor-widget-wrap\">\n\t\t\t\t\t\t\t<\/div>\n\t\t<\/div>\n\t\t\t\t\t<\/div>\n\t\t<\/section>\n\t\t\t\t<section class=\"elementor-section elementor-top-section elementor-element elementor-element-02e6f57 elementor-section-boxed elementor-section-height-default elementor-section-height-default\" data-id=\"02e6f57\" data-element_type=\"section\" data-e-type=\"section\">\n\t\t\t\t\t\t<div class=\"elementor-container elementor-column-gap-default\">\n\t\t\t\t\t<div class=\"elementor-column elementor-col-100 elementor-top-column elementor-element elementor-element-fd92440\" data-id=\"fd92440\" data-element_type=\"column\" data-e-type=\"column\">\n\t\t\t<div class=\"elementor-widget-wrap elementor-element-populated\">\n\t\t\t\t\t\t<div class=\"elementor-element elementor-element-c877ea6 elementor-widget elementor-widget-heading\" data-id=\"c877ea6\" data-element_type=\"widget\" data-e-type=\"widget\" data-widget_type=\"heading.default\">\n\t\t\t\t<div class=\"elementor-widget-container\">\n\t\t\t\t\t<h1 class=\"elementor-heading-title elementor-size-default\">Y<\/h1>\t\t\t\t<\/div>\n\t\t\t\t<\/div>\n\t\t\t\t\t<\/div>\n\t\t<\/div>\n\t\t\t\t\t<\/div>\n\t\t<\/section>\n\t\t\t\t<section class=\"elementor-section elementor-top-section elementor-element elementor-element-47c4c44 elementor-section-boxed elementor-section-height-default elementor-section-height-default\" data-id=\"47c4c44\" data-element_type=\"section\" data-e-type=\"section\">\n\t\t\t\t\t\t<div class=\"elementor-container elementor-column-gap-default\">\n\t\t\t\t\t<div class=\"elementor-column elementor-col-50 elementor-top-column elementor-element elementor-element-930c6e1\" data-id=\"930c6e1\" data-element_type=\"column\" data-e-type=\"column\">\n\t\t\t<div class=\"elementor-widget-wrap elementor-element-populated\">\n\t\t\t\t\t\t<div class=\"elementor-element elementor-element-3f46e3d elementor-widget elementor-widget-image\" data-id=\"3f46e3d\" data-element_type=\"widget\" data-e-type=\"widget\" data-widget_type=\"image.default\">\n\t\t\t\t<div class=\"elementor-widget-container\">\n\t\t\t\t\t\t\t\t\t\t\t\t\t\t\t\t<a href=\"https:\/\/mangatom.com.br\/?p=1462\">\n\t\t\t\t\t\t\t<img loading=\"lazy\" decoding=\"async\" width=\"600\" height=\"286\" src=\"https:\/\/i0.wp.com\/mangatom.com.br\/wp-content\/uploads\/2021\/11\/Yakunara-Mug-Cup-Mo.png?fit=600%2C286&amp;ssl=1\" class=\"attachment-large size-large wp-image-2464\" alt=\"\" srcset=\"https:\/\/i0.wp.com\/mangatom.com.br\/wp-content\/uploads\/2021\/11\/Yakunara-Mug-Cup-Mo.png?w=600&amp;ssl=1 600w, https:\/\/i0.wp.com\/mangatom.com.br\/wp-content\/uploads\/2021\/11\/Yakunara-Mug-Cup-Mo.png?resize=300%2C143&amp;ssl=1 300w\" sizes=\"(max-width: 600px) 100vw, 600px\" \/>\t\t\t\t\t\t\t\t<\/a>\n\t\t\t\t\t\t\t\t\t\t\t\t\t\t\t<\/div>\n\t\t\t\t<\/div>\n\t\t\t\t\t<\/div>\n\t\t<\/div>\n\t\t\t\t<div class=\"elementor-column elementor-col-50 elementor-top-column elementor-element elementor-element-63f06b9\" data-id=\"63f06b9\" data-element_type=\"column\" data-e-type=\"column\">\n\t\t\t<div class=\"elementor-widget-wrap\">\n\t\t\t\t\t\t\t<\/div>\n\t\t<\/div>\n\t\t\t\t\t<\/div>\n\t\t<\/section>\n\t\t\t\t<\/div>\n\t\t","protected":false},"excerpt":{"rendered":"<p>M S V Y<\/p>\n","protected":false},"author":1,"featured_media":0,"parent":0,"menu_order":0,"comment_status":"closed","ping_status":"closed","template":"","meta":{"_monsterinsights_skip_tracking":false,"_monsterinsights_sitenote_active":false,"_monsterinsights_sitenote_note":"","_monsterinsights_sitenote_category":0,"footnotes":""},"class_list":["post-1471","page","type-page","status-publish","hentry"],"jetpack-related-posts":[{"id":191,"url":"https:\/\/mangatom.com.br\/?page_id=191","url_meta":{"origin":1471,"position":0},"title":"Primeiras Impress\u00f5es","author":"Mangatom","date":"novembro 26, 2020","format":false,"excerpt":"A F G K M N O S T","rel":"","context":"Post similar","block_context":{"text":"Post similar","link":""},"img":{"alt_text":"","src":"https:\/\/i0.wp.com\/mangatom.com.br\/wp-content\/uploads\/2021\/11\/toride.png?resize=350%2C200&ssl=1","width":350,"height":200,"srcset":"https:\/\/i0.wp.com\/mangatom.com.br\/wp-content\/uploads\/2021\/11\/toride.png?resize=350%2C200&ssl=1 1x, https:\/\/i0.wp.com\/mangatom.com.br\/wp-content\/uploads\/2021\/11\/toride.png?resize=525%2C300&ssl=1 1.5x"},"classes":[]},{"id":186,"url":"https:\/\/mangatom.com.br\/?page_id=186","url_meta":{"origin":1471,"position":1},"title":"Primeiras impress\u00f5es","author":"Mangatom","date":"novembro 26, 2020","format":false,"excerpt":"A B C P T W","rel":"","context":"Post similar","block_context":{"text":"Post similar","link":""},"img":{"alt_text":"","src":"https:\/\/i0.wp.com\/mangatom.com.br\/wp-content\/uploads\/2021\/11\/we-can-never.png?resize=350%2C200&ssl=1","width":350,"height":200,"srcset":"https:\/\/i0.wp.com\/mangatom.com.br\/wp-content\/uploads\/2021\/11\/we-can-never.png?resize=350%2C200&ssl=1 1x, https:\/\/i0.wp.com\/mangatom.com.br\/wp-content\/uploads\/2021\/11\/we-can-never.png?resize=525%2C300&ssl=1 1.5x"},"classes":[]},{"id":2117,"url":"https:\/\/mangatom.com.br\/?page_id=2117","url_meta":{"origin":1471,"position":2},"title":"Anima\u00e7\u00f5es","author":"Mangatom","date":"outubro 15, 2021","format":false,"excerpt":"A C G H I M O P S W","rel":"","context":"Post similar","block_context":{"text":"Post similar","link":""},"img":{"alt_text":"","src":"https:\/\/i0.wp.com\/mangatom.com.br\/wp-content\/uploads\/2025\/08\/Waltz-With-Bashir-.png?resize=350%2C200&ssl=1","width":350,"height":200,"srcset":"https:\/\/i0.wp.com\/mangatom.com.br\/wp-content\/uploads\/2025\/08\/Waltz-With-Bashir-.png?resize=350%2C200&ssl=1 1x, https:\/\/i0.wp.com\/mangatom.com.br\/wp-content\/uploads\/2025\/08\/Waltz-With-Bashir-.png?resize=525%2C300&ssl=1 1.5x"},"classes":[]},{"id":193,"url":"https:\/\/mangatom.com.br\/?page_id=193","url_meta":{"origin":1471,"position":3},"title":"Resenhas","author":"Mangatom","date":"novembro 26, 2020","format":false,"excerpt":"A B C D E F G H I J K L M N O P R s T U W Y","rel":"","context":"Post similar","block_context":{"text":"Post similar","link":""},"img":{"alt_text":"","src":"https:\/\/i0.wp.com\/mangatom.com.br\/wp-content\/uploads\/2024\/09\/Adolf-2.png?resize=350%2C200&ssl=1","width":350,"height":200,"srcset":"https:\/\/i0.wp.com\/mangatom.com.br\/wp-content\/uploads\/2024\/09\/Adolf-2.png?resize=350%2C200&ssl=1 1x, https:\/\/i0.wp.com\/mangatom.com.br\/wp-content\/uploads\/2024\/09\/Adolf-2.png?resize=525%2C300&ssl=1 1.5x"},"classes":[]},{"id":184,"url":"https:\/\/mangatom.com.br\/?page_id=184","url_meta":{"origin":1471,"position":4},"title":"On the Nanquim","author":"Mangatom","date":"novembro 26, 2020","format":false,"excerpt":"A B C D E F G H I J L M O P R S T V W Y","rel":"","context":"Post similar","block_context":{"text":"Post similar","link":""},"img":{"alt_text":"","src":"https:\/\/i0.wp.com\/mangatom.com.br\/wp-content\/uploads\/2023\/10\/cold-steel.png?resize=350%2C200&ssl=1","width":350,"height":200,"srcset":"https:\/\/i0.wp.com\/mangatom.com.br\/wp-content\/uploads\/2023\/10\/cold-steel.png?resize=350%2C200&ssl=1 1x, https:\/\/i0.wp.com\/mangatom.com.br\/wp-content\/uploads\/2023\/10\/cold-steel.png?resize=525%2C300&ssl=1 1.5x"},"classes":[]},{"id":5926,"url":"https:\/\/mangatom.com.br\/?page_id=5926","url_meta":{"origin":1471,"position":5},"title":"Emuladores e afins","author":"Mangatom","date":"agosto 22, 2023","format":false,"excerpt":"EMULADORES E AFINS No canal Indie-A-tom temos o quadro Calabou\u00e7o das Roms, onde eu falo de emuladores. Esse projeto se tornou um pouco maior do que eu antecipava, com muita pesquisa e detalhes importantes para cada v\u00eddeo. Visto que eu n\u00e3o tenho como salvar tudo de forma pr\u00e1tica num local,\u2026","rel":"","context":"Post similar","block_context":{"text":"Post similar","link":""},"img":{"alt_text":"","src":"https:\/\/i0.wp.com\/mangatom.com.br\/wp-content\/uploads\/2024\/09\/pc98.png?resize=350%2C200&ssl=1","width":350,"height":200,"srcset":"https:\/\/i0.wp.com\/mangatom.com.br\/wp-content\/uploads\/2024\/09\/pc98.png?resize=350%2C200&ssl=1 1x, https:\/\/i0.wp.com\/mangatom.com.br\/wp-content\/uploads\/2024\/09\/pc98.png?resize=525%2C300&ssl=1 1.5x"},"classes":[]}],"jetpack_sharing_enabled":true,"_links":{"self":[{"href":"https:\/\/mangatom.com.br\/index.php?rest_route=\/wp\/v2\/pages\/1471","targetHints":{"allow":["GET"]}}],"collection":[{"href":"https:\/\/mangatom.com.br\/index.php?rest_route=\/wp\/v2\/pages"}],"about":[{"href":"https:\/\/mangatom.com.br\/index.php?rest_route=\/wp\/v2\/types\/page"}],"author":[{"embeddable":true,"href":"https:\/\/mangatom.com.br\/index.php?rest_route=\/wp\/v2\/users\/1"}],"replies":[{"embeddable":true,"href":"https:\/\/mangatom.com.br\/index.php?rest_route=%2Fwp%2Fv2%2Fcomments&post=1471"}],"version-history":[{"count":11,"href":"https:\/\/mangatom.com.br\/index.php?rest_route=\/wp\/v2\/pages\/1471\/revisions"}],"predecessor-version":[{"id":4526,"href":"https:\/\/mangatom.com.br\/index.php?rest_route=\/wp\/v2\/pages\/1471\/revisions\/4526"}],"wp:attachment":[{"href":"https:\/\/mangatom.com.br\/index.php?rest_route=%2Fwp%2Fv2%2Fmedia&parent=1471"}],"curies":[{"name":"wp","href":"https:\/\/api.w.org\/{rel}","templated":true}]}}